{"id":19130,"date":"2022-06-22T18:58:02","date_gmt":"2022-06-22T18:58:02","guid":{"rendered":"https:\/\/zupadobretici.ba\/?page_id=19130"},"modified":"2022-06-28T17:00:04","modified_gmt":"2022-06-28T17:00:04","slug":"pocetna","status":"publish","type":"page","link":"https:\/\/zupadobretici.ba\/en\/","title":{"rendered":"Naslovna"},"content":{"rendered":"<h1>\u017dupa svetog Ante Padovanskog Dobreti\u0107i<\/h1>\n<p><!-- .title-wrap --><!-- .section-description --><!-- .section-title-wrapper --><br \/>\n\t\t\t\t\t\t\t\t\t\t\t\t\t\t\t<img decoding=\"async\" src=\"https:\/\/zupadobretici.ba\/wp-content\/uploads\/elementor\/thumbs\/crkva-zima-pqo0cuikjufcy69g5jtlesrsgm19kl8pjeszhczqqy.jpg\" title=\"crkva &#8211; zima\" alt=\"crkva - zima\" \/><br \/>\n\t\t\tO NAMA<\/p>\n<h2>\u017dupa Dobreti\u0107i u Vrhbosanskoj nadbiskupiji<\/h2>\n<p><!-- .title-wrap -->Na\u0161a \u017eupa se prostire izme\u0111u planina Ran\u010de i Vla\u0161i\u0107a; a cijelo podru\u010dje \u017eupe je kod lokalnog stanovni\u0161tva poznato pod imenom Pougarje, nazvano po rijeci Ugar koja izvire na planini Vla\u0161i\u0107.<!-- .section-description --><!-- .section-title-wrapper --><br \/>\n\t\t\tPougarke i Pougarci &#8211; narod jake vjere<br \/>\n\t\t\t<a href=\"https:\/\/zupadobretici.ba\/en\/onama\/\" role=\"button\"><br \/>\n\t\t\t\t\t\tSaznajte vi\u0161e o nama<br \/>\n\t\t\t\t\t<\/a><br \/>\n\t\t\tOBJAVE<\/p>\n<h2>Najnovije objave<\/h2>\n<p><!-- .title-wrap --><!-- .section-description --><!-- .section-title-wrapper --><br \/>\n\t\t\t<img loading=\"lazy\" decoding=\"async\" height=\"600\" width=\"768\" alt=\"Vukovi\u0107i\" src=\"https:\/\/zupadobretici.ba\/wp-content\/uploads\/2022\/06\/DJI_0952-scaled-768x600.jpg\"\/><!-- .post-thumb --><\/p>\n<ul>\n<li><a href=\"https:\/\/zupadobretici.ba\/en\/2022\/06\/28\/\" > 28\/06\/2022<\/a><\/li>\n<\/ul>\n<h4><a href=\"https:\/\/zupadobretici.ba\/en\/vukovici\/\">Vukovi\u0107i<\/a><\/h4>\n<p><!-- .entry-title --><\/p>\n<ul>\n<li><a href=\"https:\/\/zupadobretici.ba\/en\/vukovici\/\">Vi\u0161e<\/a><\/li>\n<\/ul>\n<p><!-- .post-excerpt --><!-- .blog-inner --><!-- .col \/ .owl-carousel-item \/ .isotope --><img loading=\"lazy\" decoding=\"async\" height=\"600\" width=\"768\" alt=\"Mijatovi\u0107i\" src=\"https:\/\/zupadobretici.ba\/wp-content\/uploads\/2022\/06\/DJI_0912-scaled-768x600.jpg\"\/><!-- .post-thumb --><\/p>\n<ul>\n<li><a href=\"https:\/\/zupadobretici.ba\/en\/2022\/06\/28\/\" > 28\/06\/2022<\/a><\/li>\n<\/ul>\n<h4><a href=\"https:\/\/zupadobretici.ba\/en\/mijatovici\/\">Mijatovi\u0107i<\/a><\/h4>\n<p><!-- .entry-title --><\/p>\n<ul>\n<li><a href=\"https:\/\/zupadobretici.ba\/en\/mijatovici\/\">Vi\u0161e<\/a><\/li>\n<\/ul>\n<p><!-- .post-excerpt --><!-- .blog-inner --><!-- .col \/ .owl-carousel-item \/ .isotope --><img loading=\"lazy\" decoding=\"async\" height=\"600\" width=\"768\" alt=\"Melina\" src=\"https:\/\/zupadobretici.ba\/wp-content\/uploads\/2022\/06\/Melina-panorma-10-2013-768x600.jpg\"\/><!-- .post-thumb --><\/p>\n<ul>\n<li><a href=\"https:\/\/zupadobretici.ba\/en\/2022\/06\/28\/\" > 28\/06\/2022<\/a><\/li>\n<\/ul>\n<h4><a href=\"https:\/\/zupadobretici.ba\/en\/melina\/\">Melina<\/a><\/h4>\n<p><!-- .entry-title --><\/p>\n<ul>\n<li><a href=\"https:\/\/zupadobretici.ba\/en\/melina\/\">Vi\u0161e<\/a><\/li>\n<\/ul>\n<p><!-- .post-excerpt --><!-- .blog-inner --><!-- .col \/ .owl-carousel-item \/ .isotope --><img loading=\"lazy\" decoding=\"async\" height=\"600\" width=\"768\" alt=\"Pavlovi\u0107i\" src=\"https:\/\/zupadobretici.ba\/wp-content\/uploads\/2022\/06\/DJI_0980-scaled-768x600.jpg\"\/><!-- .post-thumb --><\/p>\n<ul>\n<li><a href=\"https:\/\/zupadobretici.ba\/en\/2022\/06\/28\/\" > 28\/06\/2022<\/a><\/li>\n<\/ul>\n<h4><a href=\"https:\/\/zupadobretici.ba\/en\/pavlovici\/\">Pavlovi\u0107i<\/a><\/h4>\n<p><!-- .entry-title --><\/p>\n<ul>\n<li><a href=\"https:\/\/zupadobretici.ba\/en\/pavlovici\/\">Vi\u0161e<\/a><\/li>\n<\/ul>\n<p>Kula<\/p>\n<p><!-- .post-excerpt --><!-- .blog-inner --><!-- .col \/ .owl-carousel-item \/ .isotope --><img loading=\"lazy\" decoding=\"async\" height=\"600\" width=\"768\" alt=\"Kri\u010di\u0107i\" src=\"https:\/\/zupadobretici.ba\/wp-content\/uploads\/2022\/06\/20200926_114244-scaled-768x600.jpg\"\/><!-- .post-thumb --><\/p>\n<ul>\n<li><a href=\"https:\/\/zupadobretici.ba\/en\/2022\/06\/28\/\" > 28\/06\/2022<\/a><\/li>\n<\/ul>\n<h4><a href=\"https:\/\/zupadobretici.ba\/en\/kricici\/\">Kri\u010di\u0107i<\/a><\/h4>\n<p><!-- .entry-title --><\/p>\n<ul>\n<li><a href=\"https:\/\/zupadobretici.ba\/en\/kricici\/\">Vi\u0161e<\/a><\/li>\n<\/ul>\n<p><!-- .post-excerpt --><!-- .blog-inner --><!-- .col \/ .owl-carousel-item \/ .isotope --><img loading=\"lazy\" decoding=\"async\" height=\"600\" width=\"768\" alt=\"Groblje stina\" src=\"https:\/\/zupadobretici.ba\/wp-content\/uploads\/2022\/06\/IMG_0356-scaled-768x600.jpg\"\/><!-- .post-thumb --><\/p>\n<ul>\n<li><a href=\"https:\/\/zupadobretici.ba\/en\/2022\/06\/28\/\" > 28\/06\/2022<\/a><\/li>\n<\/ul>\n<h4><a href=\"https:\/\/zupadobretici.ba\/en\/19709-2\/\">Groblje stina<\/a><\/h4>\n<p><!-- .entry-title --><\/p>\n<ul>\n<li><a href=\"https:\/\/zupadobretici.ba\/en\/19709-2\/\">Vi\u0161e<\/a><\/li>\n<\/ul>\n<p><!-- .post-excerpt --><!-- .blog-inner --><!-- .col \/ .owl-carousel-item \/ .isotope --><img loading=\"lazy\" decoding=\"async\" height=\"600\" width=\"768\" alt=\"Dobreti\u0107i\" src=\"https:\/\/zupadobretici.ba\/wp-content\/uploads\/2022\/06\/dobretici-crkva-slike-drona-1-scaled-768x600.jpg\"\/><!-- .post-thumb --><\/p>\n<ul>\n<li><a href=\"https:\/\/zupadobretici.ba\/en\/2022\/06\/28\/\" > 28\/06\/2022<\/a><\/li>\n<\/ul>\n<h4><a href=\"https:\/\/zupadobretici.ba\/en\/dobretici\/\">Dobreti\u0107i<\/a><\/h4>\n<p><!-- .entry-title --><\/p>\n<ul>\n<li><a href=\"https:\/\/zupadobretici.ba\/en\/dobretici\/\">Vi\u0161e<\/a><\/li>\n<\/ul>\n<p>\u017dupna crkva Brnji\u0107ko groblje<\/p>\n<p><!-- .post-excerpt --><!-- .blog-inner --><!-- .col \/ .owl-carousel-item \/ .isotope --><img loading=\"lazy\" decoding=\"async\" height=\"600\" width=\"768\" alt=\"Davidovi\u0107i\" src=\"https:\/\/zupadobretici.ba\/wp-content\/uploads\/2022\/06\/davidovici-3-scaled-768x600.jpg\"\/><!-- .post-thumb --><\/p>\n<ul>\n<li><a href=\"https:\/\/zupadobretici.ba\/en\/2022\/06\/28\/\" > 28\/06\/2022<\/a><\/li>\n<\/ul>\n<h4><a href=\"https:\/\/zupadobretici.ba\/en\/davidovici\/\">Davidovi\u0107i<\/a><\/h4>\n<p><!-- .entry-title --><\/p>\n<ul>\n<li><a href=\"https:\/\/zupadobretici.ba\/en\/davidovici\/\">Vi\u0161e<\/a><\/li>\n<\/ul>\n<p><!-- .post-excerpt --><!-- .blog-inner --><!-- .col \/ .owl-carousel-item \/ .isotope --><img loading=\"lazy\" decoding=\"async\" height=\"600\" width=\"768\" alt=\"Bunar\" src=\"https:\/\/zupadobretici.ba\/wp-content\/uploads\/2022\/06\/IMG_1345-scaled-768x600.jpg\"\/><!-- .post-thumb --><\/p>\n<ul>\n<li><a href=\"https:\/\/zupadobretici.ba\/en\/2022\/06\/28\/\" > 28\/06\/2022<\/a><\/li>\n<\/ul>\n<h4><a href=\"https:\/\/zupadobretici.ba\/en\/kocanovica\/\">Bunar<\/a><\/h4>\n<p><!-- .entry-title --><\/p>\n<ul>\n<li><a href=\"https:\/\/zupadobretici.ba\/en\/kocanovica\/\">Vi\u0161e<\/a><\/li>\n<\/ul>\n<p>Ko\u010danovica Ilinovi\u0107i<\/p>\n<p><!-- .post-excerpt --><!-- .blog-inner --><!-- .col \/ .owl-carousel-item \/ .isotope --><img loading=\"lazy\" decoding=\"async\" height=\"600\" width=\"768\" alt=\"Brnji\u0107i\" src=\"https:\/\/zupadobretici.ba\/wp-content\/uploads\/2022\/06\/DJI_0973-1-scaled-768x600.jpg\"\/><!-- .post-thumb --><\/p>\n<ul>\n<li><a href=\"https:\/\/zupadobretici.ba\/en\/2022\/06\/28\/\" > 28\/06\/2022<\/a><\/li>\n<\/ul>\n<h4><a href=\"https:\/\/zupadobretici.ba\/en\/brnjici-galerija-slika\/\">Brnji\u0107i<\/a><\/h4>\n<p><!-- .entry-title --><\/p>\n<ul>\n<li><a href=\"https:\/\/zupadobretici.ba\/en\/brnjici-galerija-slika\/\">Vi\u0161e<\/a><\/li>\n<\/ul>\n<p>Galerija slika Brnji\u0107e<\/p>\n<p><!-- .post-excerpt --><!-- .blog-inner --><!-- .col \/ .owl-carousel-item \/ .isotope --><!-- .owl-carousel --><br \/>\n\t\t\t<a href=\"https:\/\/www.youtube.com\/watch?v=VXEsO5H8Zc0\"><\/a>\t\t\t<\/p>\n<h2>Patron na\u0161e \u017eupe i blagdan na\u0161eg za\u0161titnika svetog Ante Padovanskog se slavi 13. lipnja<\/h2>\n<p><!-- .title-wrap --><!-- .section-description --><!-- .section-title-wrapper --><br \/>\n\t\t\tZna\u0161 li gdje \u0107e\u0161 na\u0107i ljepotu svoje du\u0161e? U ljubavi prema bli\u017enjemu, kojega treba\u0161 okrijepiti milodarom ljubavi, u tijelu i u du\u0161i.<br \/>\n\t\t\t<a href=\"https:\/\/zupadobretici.ba\/en\/patron\/\" role=\"button\"><br \/>\n\t\t\t\t\t\tSaznaj vi\u0161e<br \/>\n\t\t\t\t\t<\/a><\/p>\n<h5>Telefonski broj<\/h5>\n<p><a href=\"tel:+00 387 30 641 200\">+00 387 30 641 200<\/a><br \/>\n<br \/>\n<a href=\"tel:+387 63 577 234\">+387 63 577 234<\/a><\/p>\n<h5>Lokacija<\/h5>\n<p>Dobreti\u0107i bb, 70210, BiH<\/p>\n<h5>Email<\/h5>\n<p><a href=\"mailto:zupadobretici93@gmail.com\">zupadobretici93@gmail.com<\/a><\/p>","protected":false},"excerpt":{"rendered":"<p>\u017dupa svetog Ante Padovanskog Dobreti\u0107i O NAMA \u017dupa Dobreti\u0107i u Vrhbosanskoj nadbiskupiji Na\u0161a \u017eupa se prostire izme\u0111u planina Ran\u010de i Vla\u0161i\u0107a; a cijelo podru\u010dje \u017eupe je kod lokalnog stanovni\u0161tva poznato pod imenom Pougarje, nazvano po rijeci Ugar koja izvire na planini Vla\u0161i\u0107. Pougarke i Pougarci &#8211; narod jake vjere Saznajte vi\u0161e o nama OBJAVE Najnovije<\/p>","protected":false},"author":2448,"featured_media":0,"parent":0,"menu_order":0,"comment_status":"closed","ping_status":"closed","template":"elementor_header_footer","meta":{"footnotes":""},"class_list":["post-19130","page","type-page","status-publish","hentry"],"yoast_head":"<!-- This site is optimized with the Yoast SEO plugin v25.9 - https:\/\/yoast.com\/wordpress\/plugins\/seo\/ -->\n<title>Naslovna - Zupa Dobretici<\/title>\n<meta name=\"robots\" content=\"index, follow, max-snippet:-1, max-image-preview:large, max-video-preview:-1\" \/>\n<link rel=\"canonical\" href=\"https:\/\/zupadobretici.ba\/en\/\" \/>\n<meta property=\"og:locale\" content=\"en_US\" \/>\n<meta property=\"og:type\" content=\"article\" \/>\n<meta property=\"og:title\" content=\"Naslovna - Zupa Dobretici\" \/>\n<meta property=\"og:description\" content=\"\u017dupa svetog Ante Padovanskog Dobreti\u0107i O NAMA \u017dupa Dobreti\u0107i u Vrhbosanskoj nadbiskupiji Na\u0161a \u017eupa se prostire izme\u0111u planina Ran\u010de i Vla\u0161i\u0107a; a cijelo podru\u010dje \u017eupe je kod lokalnog stanovni\u0161tva poznato pod imenom Pougarje, nazvano po rijeci Ugar koja izvire na planini Vla\u0161i\u0107. Pougarke i Pougarci &#8211; narod jake vjere Saznajte vi\u0161e o nama OBJAVE Najnovije\" \/>\n<meta property=\"og:url\" content=\"https:\/\/zupadobretici.ba\/en\/\" \/>\n<meta property=\"og:site_name\" content=\"Zupa Dobretici\" \/>\n<meta property=\"article:publisher\" content=\"https:\/\/www.facebook.com\/zupadobretici\/\" \/>\n<meta property=\"article:modified_time\" content=\"2022-06-28T17:00:04+00:00\" \/>\n<meta property=\"og:image\" content=\"https:\/\/zupadobretici.ba\/wp-content\/uploads\/elementor\/thumbs\/crkva-zima-pqo0cuikjufcy69g5jtlesrsgm19kl8pjeszhczqqy.jpg\" \/>\n<meta name=\"twitter:card\" content=\"summary_large_image\" \/>\n<meta name=\"twitter:label1\" content=\"Est. reading time\" \/>\n\t<meta name=\"twitter:data1\" content=\"1 minute\" \/>\n<script type=\"application\/ld+json\" class=\"yoast-schema-graph\">{\"@context\":\"https:\/\/schema.org\",\"@graph\":[{\"@type\":\"WebPage\",\"@id\":\"https:\/\/zupadobretici.ba\/\",\"url\":\"https:\/\/zupadobretici.ba\/\",\"name\":\"Naslovna - Zupa Dobretici\",\"isPartOf\":{\"@id\":\"https:\/\/zupadobretici.ba\/#website\"},\"primaryImageOfPage\":{\"@id\":\"https:\/\/zupadobretici.ba\/#primaryimage\"},\"image\":{\"@id\":\"https:\/\/zupadobretici.ba\/#primaryimage\"},\"thumbnailUrl\":\"https:\/\/zupadobretici.ba\/wp-content\/uploads\/elementor\/thumbs\/crkva-zima-pqo0cuikjufcy69g5jtlesrsgm19kl8pjeszhczqqy.jpg\",\"datePublished\":\"2022-06-22T18:58:02+00:00\",\"dateModified\":\"2022-06-28T17:00:04+00:00\",\"breadcrumb\":{\"@id\":\"https:\/\/zupadobretici.ba\/#breadcrumb\"},\"inLanguage\":\"en-US\",\"potentialAction\":[{\"@type\":\"ReadAction\",\"target\":[\"https:\/\/zupadobretici.ba\/\"]}]},{\"@type\":\"ImageObject\",\"inLanguage\":\"en-US\",\"@id\":\"https:\/\/zupadobretici.ba\/#primaryimage\",\"url\":\"https:\/\/zupadobretici.ba\/wp-content\/uploads\/elementor\/thumbs\/crkva-zima-pqo0cuikjufcy69g5jtlesrsgm19kl8pjeszhczqqy.jpg\",\"contentUrl\":\"https:\/\/zupadobretici.ba\/wp-content\/uploads\/elementor\/thumbs\/crkva-zima-pqo0cuikjufcy69g5jtlesrsgm19kl8pjeszhczqqy.jpg\"},{\"@type\":\"BreadcrumbList\",\"@id\":\"https:\/\/zupadobretici.ba\/#breadcrumb\",\"itemListElement\":[{\"@type\":\"ListItem\",\"position\":1,\"name\":\"Po\u010detna stranica\",\"item\":\"https:\/\/zupadobretici.ba\/\"},{\"@type\":\"ListItem\",\"position\":2,\"name\":\"Naslovna\"}]},{\"@type\":\"WebSite\",\"@id\":\"https:\/\/zupadobretici.ba\/#website\",\"url\":\"https:\/\/zupadobretici.ba\/\",\"name\":\"Zupa Dobretici\",\"description\":\"\",\"publisher\":{\"@id\":\"https:\/\/zupadobretici.ba\/#organization\"},\"potentialAction\":[{\"@type\":\"SearchAction\",\"target\":{\"@type\":\"EntryPoint\",\"urlTemplate\":\"https:\/\/zupadobretici.ba\/?s={search_term_string}\"},\"query-input\":{\"@type\":\"PropertyValueSpecification\",\"valueRequired\":true,\"valueName\":\"search_term_string\"}}],\"inLanguage\":\"en-US\"},{\"@type\":\"Organization\",\"@id\":\"https:\/\/zupadobretici.ba\/#organization\",\"name\":\"Zupa Dobretici\",\"url\":\"https:\/\/zupadobretici.ba\/\",\"logo\":{\"@type\":\"ImageObject\",\"inLanguage\":\"en-US\",\"@id\":\"https:\/\/zupadobretici.ba\/#\/schema\/logo\/image\/\",\"url\":\"https:\/\/zupadobretici.ba\/wp-content\/uploads\/2022\/05\/textCrni.svg\",\"contentUrl\":\"https:\/\/zupadobretici.ba\/wp-content\/uploads\/2022\/05\/textCrni.svg\",\"width\":155,\"height\":51,\"caption\":\"Zupa Dobretici\"},\"image\":{\"@id\":\"https:\/\/zupadobretici.ba\/#\/schema\/logo\/image\/\"},\"sameAs\":[\"https:\/\/www.facebook.com\/zupadobretici\/\"]}]}<\/script>\n<!-- \/ Yoast SEO plugin. -->","yoast_head_json":{"title":"Naslovna - Zupa Dobretici","robots":{"index":"index","follow":"follow","max-snippet":"max-snippet:-1","max-image-preview":"max-image-preview:large","max-video-preview":"max-video-preview:-1"},"canonical":"https:\/\/zupadobretici.ba\/en\/","og_locale":"en_US","og_type":"article","og_title":"Naslovna - Zupa Dobretici","og_description":"\u017dupa svetog Ante Padovanskog Dobreti\u0107i O NAMA \u017dupa Dobreti\u0107i u Vrhbosanskoj nadbiskupiji Na\u0161a \u017eupa se prostire izme\u0111u planina Ran\u010de i Vla\u0161i\u0107a; a cijelo podru\u010dje \u017eupe je kod lokalnog stanovni\u0161tva poznato pod imenom Pougarje, nazvano po rijeci Ugar koja izvire na planini Vla\u0161i\u0107. Pougarke i Pougarci &#8211; narod jake vjere Saznajte vi\u0161e o nama OBJAVE Najnovije","og_url":"https:\/\/zupadobretici.ba\/en\/","og_site_name":"Zupa Dobretici","article_publisher":"https:\/\/www.facebook.com\/zupadobretici\/","article_modified_time":"2022-06-28T17:00:04+00:00","og_image":[{"url":"https:\/\/zupadobretici.ba\/wp-content\/uploads\/elementor\/thumbs\/crkva-zima-pqo0cuikjufcy69g5jtlesrsgm19kl8pjeszhczqqy.jpg","type":"","width":"","height":""}],"twitter_card":"summary_large_image","twitter_misc":{"Est. reading time":"1 minute"},"schema":{"@context":"https:\/\/schema.org","@graph":[{"@type":"WebPage","@id":"https:\/\/zupadobretici.ba\/","url":"https:\/\/zupadobretici.ba\/","name":"Naslovna - Zupa Dobretici","isPartOf":{"@id":"https:\/\/zupadobretici.ba\/#website"},"primaryImageOfPage":{"@id":"https:\/\/zupadobretici.ba\/#primaryimage"},"image":{"@id":"https:\/\/zupadobretici.ba\/#primaryimage"},"thumbnailUrl":"https:\/\/zupadobretici.ba\/wp-content\/uploads\/elementor\/thumbs\/crkva-zima-pqo0cuikjufcy69g5jtlesrsgm19kl8pjeszhczqqy.jpg","datePublished":"2022-06-22T18:58:02+00:00","dateModified":"2022-06-28T17:00:04+00:00","breadcrumb":{"@id":"https:\/\/zupadobretici.ba\/#breadcrumb"},"inLanguage":"en-US","potentialAction":[{"@type":"ReadAction","target":["https:\/\/zupadobretici.ba\/"]}]},{"@type":"ImageObject","inLanguage":"en-US","@id":"https:\/\/zupadobretici.ba\/#primaryimage","url":"https:\/\/zupadobretici.ba\/wp-content\/uploads\/elementor\/thumbs\/crkva-zima-pqo0cuikjufcy69g5jtlesrsgm19kl8pjeszhczqqy.jpg","contentUrl":"https:\/\/zupadobretici.ba\/wp-content\/uploads\/elementor\/thumbs\/crkva-zima-pqo0cuikjufcy69g5jtlesrsgm19kl8pjeszhczqqy.jpg"},{"@type":"BreadcrumbList","@id":"https:\/\/zupadobretici.ba\/#breadcrumb","itemListElement":[{"@type":"ListItem","position":1,"name":"Po\u010detna stranica","item":"https:\/\/zupadobretici.ba\/"},{"@type":"ListItem","position":2,"name":"Naslovna"}]},{"@type":"WebSite","@id":"https:\/\/zupadobretici.ba\/#website","url":"https:\/\/zupadobretici.ba\/","name":"Zupa Dobretici","description":"","publisher":{"@id":"https:\/\/zupadobretici.ba\/#organization"},"potentialAction":[{"@type":"SearchAction","target":{"@type":"EntryPoint","urlTemplate":"https:\/\/zupadobretici.ba\/?s={search_term_string}"},"query-input":{"@type":"PropertyValueSpecification","valueRequired":true,"valueName":"search_term_string"}}],"inLanguage":"en-US"},{"@type":"Organization","@id":"https:\/\/zupadobretici.ba\/#organization","name":"Zupa Dobretici","url":"https:\/\/zupadobretici.ba\/","logo":{"@type":"ImageObject","inLanguage":"en-US","@id":"https:\/\/zupadobretici.ba\/#\/schema\/logo\/image\/","url":"https:\/\/zupadobretici.ba\/wp-content\/uploads\/2022\/05\/textCrni.svg","contentUrl":"https:\/\/zupadobretici.ba\/wp-content\/uploads\/2022\/05\/textCrni.svg","width":155,"height":51,"caption":"Zupa Dobretici"},"image":{"@id":"https:\/\/zupadobretici.ba\/#\/schema\/logo\/image\/"},"sameAs":["https:\/\/www.facebook.com\/zupadobretici\/"]}]}},"_links":{"self":[{"href":"https:\/\/zupadobretici.ba\/en\/wp-json\/wp\/v2\/pages\/19130","targetHints":{"allow":["GET"]}}],"collection":[{"href":"https:\/\/zupadobretici.ba\/en\/wp-json\/wp\/v2\/pages"}],"about":[{"href":"https:\/\/zupadobretici.ba\/en\/wp-json\/wp\/v2\/types\/page"}],"author":[{"embeddable":true,"href":"https:\/\/zupadobretici.ba\/en\/wp-json\/wp\/v2\/users\/2448"}],"replies":[{"embeddable":true,"href":"https:\/\/zupadobretici.ba\/en\/wp-json\/wp\/v2\/comments?post=19130"}],"version-history":[{"count":131,"href":"https:\/\/zupadobretici.ba\/en\/wp-json\/wp\/v2\/pages\/19130\/revisions"}],"predecessor-version":[{"id":20265,"href":"https:\/\/zupadobretici.ba\/en\/wp-json\/wp\/v2\/pages\/19130\/revisions\/20265"}],"wp:attachment":[{"href":"https:\/\/zupadobretici.ba\/en\/wp-json\/wp\/v2\/media?parent=19130"}],"curies":[{"name":"wp","href":"https:\/\/api.w.org\/{rel}","templated":true}]}}