{"id":19341,"date":"2022-06-25T21:24:39","date_gmt":"2022-06-25T21:24:39","guid":{"rendered":"https:\/\/zupadobretici.ba\/?page_id=19341"},"modified":"2022-06-27T20:15:10","modified_gmt":"2022-06-27T20:15:10","slug":"patron","status":"publish","type":"page","link":"https:\/\/zupadobretici.ba\/en\/patron\/","title":{"rendered":"Patron"},"content":{"rendered":"<p>Patron<\/p>\n<h1>Sveti Anto Padovanski &#8211; patron \u017eupe Dobreti\u0107i<\/h1>\n<p><!-- .title-wrap --><!-- .section-description --><!-- .section-title-wrapper --><br \/>\n\t\t\t\t\t\t\t\t\t\t\t\t\t\t\t<img decoding=\"async\" width=\"1024\" height=\"760\" src=\"https:\/\/zupadobretici.ba\/wp-content\/uploads\/2022\/06\/patron-sv-anto.jpg\" alt=\"\" loading=\"lazy\" srcset=\"https:\/\/zupadobretici.ba\/wp-content\/uploads\/2022\/06\/patron-sv-anto.jpg 1024w, https:\/\/zupadobretici.ba\/wp-content\/uploads\/2022\/06\/patron-sv-anto-768x570.jpg 768w\" sizes=\"auto, (max-width: 1024px) 100vw, 1024px\" \/><br \/>\n\t\t\tPATRON<\/p>\n<h2>Sveti Anto Padovanski<\/h2>\n<p><!-- .title-wrap -->Patron \u017eupe Dobreti\u0107i i blagdan njenog za\u0161titnika, svetog Ante Padovanskog se slavi i obilje\u017eava svake godine na 13. lipnja. Na taj dan, kao i dan prije (na uo\u010dnicu) se na prostorima ove \u017eupe okuplja veliki broj vjernika koji dolaze i hodo\u010daste svetom Anti u Dobreti\u0107e iz razli\u010ditih krajeva, ne samo BiH, nego i ostalih zemalja i regija. Na isti dan se obilje\u017eava i dan op\u0107ine Dobreti\u0107i, pa stoga ovaj dan ima jo\u0161 ve\u0107e zna\u010denje za njene \u017eupljane. 17. sije\u010dnja se tradicionalno obilje\u017eava i slavi drugi patron \u017eupe Dobreti\u0107i &#8211; sveti Anto Pustinjak. S obzirom da drugi patron pada na zimsko godi\u0161nje doba, te je ovo vrijeme uglavnom obilje\u017eeno snijegom, niskim temperaturama i hladnim vremenom, broj prisutnih vjernika je relativno manji nego \u0161to je to slu\u010daj kod obilje\u017eavanja prvog patrona.<!-- .section-description --><!-- .section-title-wrapper -->\t\t<\/p>\n<h2>Tko je bio sveti Anto Padovanski?<\/h2>\n<p><!-- .title-wrap -->Sveti Anto Padovanski (sveti Ante ili Antun) rodio se u Lisabonu (Portugal) u plemi\u0107koj obitelji, oko 1195. Stupio je me\u0111u kanonike koji su opslu\u017eivali mona\u0161ko pravilo svetog Augustina, najprije u samostanu Sv. Vincenta u Lisabonu a potom u samostanu Svetog kri\u017ea u Coimbri, \u010duvenom kulturnom sredi\u0161tu Portugala. Posvetio se sa zanimanjem i \u017earom prou\u010davanju Biblije i crkvenih otaca, stekav\u0161i potrebno teolo\u0161ko znanje koje je plodonosno primjenjivao u svom pou\u010davanju i propovijedanju.<br \/>\nU Coimbri se zbio doga\u0111aj koji je ozna\u010dio prekretnicu u njegovu \u017eivotu: ondje su 1220. godine bile izlo\u017eene relikvije prvih pet franjeva\u010dkih misionara, koji su oti\u0161li u Maroku i ondje podnijeli mu\u010deni\u0161tvo. Njihov je \u017eivot duboko dirnuo mladog Fernanda i u njemu se rodila \u017eelja da ih nasljeduje i po\u0111e putom kr\u0161\u0107anske savr\u0161enosti: zatra\u017eio je tada da istupi iz augustinskih kanonika i da postane manji brat. Njegov je zahtjev prihva\u0107en i on se, uzev\u0161i ime Antun, uputio u Maroko, ali je Bo\u017eja providnost odlu\u010dila druk\u010dije.<br \/>\nZbog bolesti je bio prisiljen vratiti se u Italiji te je, 1221. godine, sudjelovao na glasovitom \u201cKapitulu na rogo\u017einama\u201d u Asizu, gdje se susreo tako\u0111er sa svetim Franjom. Nakon toga je neko vrijeme \u017eivio u potpunoj skrovitosti u samostanu u blizini Forlija, na sjeveru Italije, gdje ga je Gospodin pozvao u drugu misiju. Pozvan, sasvim slu\u010dajno, propovijedati na sve\u0107eni\u010dkom re\u0111enju, pokazao je da je obdaren takvom u\u010deno\u0161\u0107u i govorni\u010dkim umije\u0107em da su mu poglavari povjerili zada\u0107u propovijedanja.<!-- .section-description --><!-- .section-title-wrapper --><br \/>\n\t\t\t\t\t\t\t\t\t\t\t\t\t\t\t<img decoding=\"async\" width=\"500\" height=\"652\" src=\"https:\/\/zupadobretici.ba\/wp-content\/uploads\/2022\/06\/sveti_antun_padovanski7.jpg\" alt=\"\" loading=\"lazy\" \/>\t\t\t\t\t\t\t\t\t\t\t\t\t\t\t<\/p>\n<p>Zapo\u010deo je tako u Italiji i Francuskoj apostolsko djelovanje koje je bilo tako sna\u017eno i djelotvorno da je naveo brojne one koji su se odijelili od Crkve da se ponovno vrate na pravi put. Bio je tako\u0111er jedan od prvih, ako ne i prvi u\u010ditelj teologije me\u0111u manjom bra\u0107om. Po\u010deo je predavati u Bologni, uz Franjin blagoslov, koji je, prepoznav\u0161i njegove kreposti, poslao Antunu kratko pismo, koje zapo\u010dinje ovim rije\u010dima: \u201cBilo bi mi drago da bra\u0107u pou\u010dava\u0161 teologiji\u201d. Antun je udario temelje franjeva\u010dke teologije koju su njegovali veliki mislioci a koja je imala svoj vrhunac sa svetim Bonaventurom iz Bagnoregia i bla\u017eenim Duns Scotom.<\/p>\n<p>Nakon \u0161to je postao provincijalnim poglavarom manje bra\u0107e iz Sjeverne Italije, nastavio je slu\u017ebu propovijedanja, vr\u0161e\u0107i je naizmjeni\u010dno sa slu\u017ebama vezanim uz vo\u0111enje provincije. Po zavr\u0161etku slu\u017ebe provincijala povukao se u blizinu Padove, gdje je bio boravio ve\u0107 u nekoliko navrata. Nakon svega godine dana, umro je pred gradskim vratima, 13. lipnja 1231. Padova, koja ga je prihvatila s ljubavlju i \u0161tovanjem za \u017eivota, odala mu je trajno \u0161tovanje i iskazala svoju pobo\u017enost. Sam papa Grgur IX., koji ga je, \u010duv\u0161i njegovu propovijed, nazvao \u201cKov\u010degom Svetoga pisma\u201d, proglasio ga je svetim 1232., izme\u0111u ostaloga i zbog \u010dudesa koja su se dogodila po njegovu zagovoru.<\/p>","protected":false},"excerpt":{"rendered":"<p>Patron Sveti Anto Padovanski &#8211; patron \u017eupe Dobreti\u0107i PATRON Sveti Anto Padovanski Patron \u017eupe Dobreti\u0107i i blagdan njenog za\u0161titnika, svetog Ante Padovanskog se slavi i obilje\u017eava svake godine na 13. lipnja. Na taj dan, kao i dan prije (na uo\u010dnicu) se na prostorima ove \u017eupe okuplja veliki broj vjernika koji dolaze i hodo\u010daste svetom Anti<\/p>","protected":false},"author":2448,"featured_media":0,"parent":0,"menu_order":0,"comment_status":"closed","ping_status":"closed","template":"elementor_header_footer","meta":{"footnotes":""},"class_list":["post-19341","page","type-page","status-publish","hentry"],"yoast_head":"<!-- This site is optimized with the Yoast SEO plugin v25.9 - https:\/\/yoast.com\/wordpress\/plugins\/seo\/ -->\n<title>Patron - Zupa Dobretici<\/title>\n<meta name=\"robots\" content=\"index, follow, max-snippet:-1, max-image-preview:large, max-video-preview:-1\" \/>\n<link rel=\"canonical\" href=\"https:\/\/zupadobretici.ba\/en\/patron\/\" \/>\n<meta property=\"og:locale\" content=\"en_US\" \/>\n<meta property=\"og:type\" content=\"article\" \/>\n<meta property=\"og:title\" content=\"Patron - Zupa Dobretici\" \/>\n<meta property=\"og:description\" content=\"Patron Sveti Anto Padovanski &#8211; patron \u017eupe Dobreti\u0107i PATRON Sveti Anto Padovanski Patron \u017eupe Dobreti\u0107i i blagdan njenog za\u0161titnika, svetog Ante Padovanskog se slavi i obilje\u017eava svake godine na 13. lipnja. Na taj dan, kao i dan prije (na uo\u010dnicu) se na prostorima ove \u017eupe okuplja veliki broj vjernika koji dolaze i hodo\u010daste svetom Anti\" \/>\n<meta property=\"og:url\" content=\"https:\/\/zupadobretici.ba\/en\/patron\/\" \/>\n<meta property=\"og:site_name\" content=\"Zupa Dobretici\" \/>\n<meta property=\"article:publisher\" content=\"https:\/\/www.facebook.com\/zupadobretici\/\" \/>\n<meta property=\"article:modified_time\" content=\"2022-06-27T20:15:10+00:00\" \/>\n<meta property=\"og:image\" content=\"https:\/\/zupadobretici.ba\/wp-content\/uploads\/2022\/06\/patron-sv-anto.jpg\" \/>\n<meta name=\"twitter:card\" content=\"summary_large_image\" \/>\n<meta name=\"twitter:label1\" content=\"Est. reading time\" \/>\n\t<meta name=\"twitter:data1\" content=\"3 minutes\" \/>\n<script type=\"application\/ld+json\" class=\"yoast-schema-graph\">{\"@context\":\"https:\/\/schema.org\",\"@graph\":[{\"@type\":\"WebPage\",\"@id\":\"https:\/\/zupadobretici.ba\/patron\/\",\"url\":\"https:\/\/zupadobretici.ba\/patron\/\",\"name\":\"Patron - Zupa Dobretici\",\"isPartOf\":{\"@id\":\"https:\/\/zupadobretici.ba\/#website\"},\"primaryImageOfPage\":{\"@id\":\"https:\/\/zupadobretici.ba\/patron\/#primaryimage\"},\"image\":{\"@id\":\"https:\/\/zupadobretici.ba\/patron\/#primaryimage\"},\"thumbnailUrl\":\"https:\/\/zupadobretici.ba\/wp-content\/uploads\/2022\/06\/patron-sv-anto.jpg\",\"datePublished\":\"2022-06-25T21:24:39+00:00\",\"dateModified\":\"2022-06-27T20:15:10+00:00\",\"breadcrumb\":{\"@id\":\"https:\/\/zupadobretici.ba\/patron\/#breadcrumb\"},\"inLanguage\":\"en-US\",\"potentialAction\":[{\"@type\":\"ReadAction\",\"target\":[\"https:\/\/zupadobretici.ba\/patron\/\"]}]},{\"@type\":\"ImageObject\",\"inLanguage\":\"en-US\",\"@id\":\"https:\/\/zupadobretici.ba\/patron\/#primaryimage\",\"url\":\"https:\/\/zupadobretici.ba\/wp-content\/uploads\/2022\/06\/patron-sv-anto.jpg\",\"contentUrl\":\"https:\/\/zupadobretici.ba\/wp-content\/uploads\/2022\/06\/patron-sv-anto.jpg\"},{\"@type\":\"BreadcrumbList\",\"@id\":\"https:\/\/zupadobretici.ba\/patron\/#breadcrumb\",\"itemListElement\":[{\"@type\":\"ListItem\",\"position\":1,\"name\":\"Po\u010detna stranica\",\"item\":\"https:\/\/zupadobretici.ba\/\"},{\"@type\":\"ListItem\",\"position\":2,\"name\":\"Patron\"}]},{\"@type\":\"WebSite\",\"@id\":\"https:\/\/zupadobretici.ba\/#website\",\"url\":\"https:\/\/zupadobretici.ba\/\",\"name\":\"Zupa Dobretici\",\"description\":\"\",\"publisher\":{\"@id\":\"https:\/\/zupadobretici.ba\/#organization\"},\"potentialAction\":[{\"@type\":\"SearchAction\",\"target\":{\"@type\":\"EntryPoint\",\"urlTemplate\":\"https:\/\/zupadobretici.ba\/?s={search_term_string}\"},\"query-input\":{\"@type\":\"PropertyValueSpecification\",\"valueRequired\":true,\"valueName\":\"search_term_string\"}}],\"inLanguage\":\"en-US\"},{\"@type\":\"Organization\",\"@id\":\"https:\/\/zupadobretici.ba\/#organization\",\"name\":\"Zupa Dobretici\",\"url\":\"https:\/\/zupadobretici.ba\/\",\"logo\":{\"@type\":\"ImageObject\",\"inLanguage\":\"en-US\",\"@id\":\"https:\/\/zupadobretici.ba\/#\/schema\/logo\/image\/\",\"url\":\"https:\/\/zupadobretici.ba\/wp-content\/uploads\/2022\/05\/textCrni.svg\",\"contentUrl\":\"https:\/\/zupadobretici.ba\/wp-content\/uploads\/2022\/05\/textCrni.svg\",\"width\":155,\"height\":51,\"caption\":\"Zupa Dobretici\"},\"image\":{\"@id\":\"https:\/\/zupadobretici.ba\/#\/schema\/logo\/image\/\"},\"sameAs\":[\"https:\/\/www.facebook.com\/zupadobretici\/\"]}]}<\/script>\n<!-- \/ Yoast SEO plugin. -->","yoast_head_json":{"title":"Patron - Zupa Dobretici","robots":{"index":"index","follow":"follow","max-snippet":"max-snippet:-1","max-image-preview":"max-image-preview:large","max-video-preview":"max-video-preview:-1"},"canonical":"https:\/\/zupadobretici.ba\/en\/patron\/","og_locale":"en_US","og_type":"article","og_title":"Patron - Zupa Dobretici","og_description":"Patron Sveti Anto Padovanski &#8211; patron \u017eupe Dobreti\u0107i PATRON Sveti Anto Padovanski Patron \u017eupe Dobreti\u0107i i blagdan njenog za\u0161titnika, svetog Ante Padovanskog se slavi i obilje\u017eava svake godine na 13. lipnja. Na taj dan, kao i dan prije (na uo\u010dnicu) se na prostorima ove \u017eupe okuplja veliki broj vjernika koji dolaze i hodo\u010daste svetom Anti","og_url":"https:\/\/zupadobretici.ba\/en\/patron\/","og_site_name":"Zupa Dobretici","article_publisher":"https:\/\/www.facebook.com\/zupadobretici\/","article_modified_time":"2022-06-27T20:15:10+00:00","og_image":[{"url":"https:\/\/zupadobretici.ba\/wp-content\/uploads\/2022\/06\/patron-sv-anto.jpg","type":"","width":"","height":""}],"twitter_card":"summary_large_image","twitter_misc":{"Est. reading time":"3 minutes"},"schema":{"@context":"https:\/\/schema.org","@graph":[{"@type":"WebPage","@id":"https:\/\/zupadobretici.ba\/patron\/","url":"https:\/\/zupadobretici.ba\/patron\/","name":"Patron - Zupa Dobretici","isPartOf":{"@id":"https:\/\/zupadobretici.ba\/#website"},"primaryImageOfPage":{"@id":"https:\/\/zupadobretici.ba\/patron\/#primaryimage"},"image":{"@id":"https:\/\/zupadobretici.ba\/patron\/#primaryimage"},"thumbnailUrl":"https:\/\/zupadobretici.ba\/wp-content\/uploads\/2022\/06\/patron-sv-anto.jpg","datePublished":"2022-06-25T21:24:39+00:00","dateModified":"2022-06-27T20:15:10+00:00","breadcrumb":{"@id":"https:\/\/zupadobretici.ba\/patron\/#breadcrumb"},"inLanguage":"en-US","potentialAction":[{"@type":"ReadAction","target":["https:\/\/zupadobretici.ba\/patron\/"]}]},{"@type":"ImageObject","inLanguage":"en-US","@id":"https:\/\/zupadobretici.ba\/patron\/#primaryimage","url":"https:\/\/zupadobretici.ba\/wp-content\/uploads\/2022\/06\/patron-sv-anto.jpg","contentUrl":"https:\/\/zupadobretici.ba\/wp-content\/uploads\/2022\/06\/patron-sv-anto.jpg"},{"@type":"BreadcrumbList","@id":"https:\/\/zupadobretici.ba\/patron\/#breadcrumb","itemListElement":[{"@type":"ListItem","position":1,"name":"Po\u010detna stranica","item":"https:\/\/zupadobretici.ba\/"},{"@type":"ListItem","position":2,"name":"Patron"}]},{"@type":"WebSite","@id":"https:\/\/zupadobretici.ba\/#website","url":"https:\/\/zupadobretici.ba\/","name":"Zupa Dobretici","description":"","publisher":{"@id":"https:\/\/zupadobretici.ba\/#organization"},"potentialAction":[{"@type":"SearchAction","target":{"@type":"EntryPoint","urlTemplate":"https:\/\/zupadobretici.ba\/?s={search_term_string}"},"query-input":{"@type":"PropertyValueSpecification","valueRequired":true,"valueName":"search_term_string"}}],"inLanguage":"en-US"},{"@type":"Organization","@id":"https:\/\/zupadobretici.ba\/#organization","name":"Zupa Dobretici","url":"https:\/\/zupadobretici.ba\/","logo":{"@type":"ImageObject","inLanguage":"en-US","@id":"https:\/\/zupadobretici.ba\/#\/schema\/logo\/image\/","url":"https:\/\/zupadobretici.ba\/wp-content\/uploads\/2022\/05\/textCrni.svg","contentUrl":"https:\/\/zupadobretici.ba\/wp-content\/uploads\/2022\/05\/textCrni.svg","width":155,"height":51,"caption":"Zupa Dobretici"},"image":{"@id":"https:\/\/zupadobretici.ba\/#\/schema\/logo\/image\/"},"sameAs":["https:\/\/www.facebook.com\/zupadobretici\/"]}]}},"_links":{"self":[{"href":"https:\/\/zupadobretici.ba\/en\/wp-json\/wp\/v2\/pages\/19341","targetHints":{"allow":["GET"]}}],"collection":[{"href":"https:\/\/zupadobretici.ba\/en\/wp-json\/wp\/v2\/pages"}],"about":[{"href":"https:\/\/zupadobretici.ba\/en\/wp-json\/wp\/v2\/types\/page"}],"author":[{"embeddable":true,"href":"https:\/\/zupadobretici.ba\/en\/wp-json\/wp\/v2\/users\/2448"}],"replies":[{"embeddable":true,"href":"https:\/\/zupadobretici.ba\/en\/wp-json\/wp\/v2\/comments?post=19341"}],"version-history":[{"count":28,"href":"https:\/\/zupadobretici.ba\/en\/wp-json\/wp\/v2\/pages\/19341\/revisions"}],"predecessor-version":[{"id":19480,"href":"https:\/\/zupadobretici.ba\/en\/wp-json\/wp\/v2\/pages\/19341\/revisions\/19480"}],"wp:attachment":[{"href":"https:\/\/zupadobretici.ba\/en\/wp-json\/wp\/v2\/media?parent=19341"}],"curies":[{"name":"wp","href":"https:\/\/api.w.org\/{rel}","templated":true}]}}