{"id":5544,"date":"2019-10-31T09:48:07","date_gmt":"2019-10-31T09:48:07","guid":{"rendered":"https:\/\/elementor.zozothemes.com\/zegen\/home-copy\/"},"modified":"2022-06-25T21:28:44","modified_gmt":"2022-06-25T21:28:44","slug":"onama","status":"publish","type":"page","link":"https:\/\/zupadobretici.ba\/en\/onama\/","title":{"rendered":"O nama"},"content":{"rendered":"<h2>O nama<\/h2>\n<p><!-- .title-wrap --><!-- .section-description --><!-- .section-title-wrapper --><br \/>\nGEOGRAFIJA<\/p>\n<h2>Geografski polo\u017eaj \u017eupe<\/h2>\n<p><!-- .title-wrap -->Mi smo mala \u017eupa u Vrhbosanskoj nadbiskupiji koja se prostire na planini Ran\u010de, dvadesetak kilometara od Jajca, a cijelo podru\u010dje \u017eupe i njene op\u0107ine Dobreti\u0107i je kod lokalnog stanovni\u0161tva poznato pod imenom Pougarje, nazvano po rijeci Ugar, koja izvire na planini Vla\u0161i\u0107. Pougarje je 1961 godine bilo u sastavu op\u0107ine Jajce, a zatim 1963 izdvojena iz te op\u0107ine i sve do rata bilo u sastavu op\u0107ine Skender-Vakuf, a potom je jedno kratko vrijeme ponove pripojeno op\u0107ini Jajce, a danas je to samostalna op\u0107ina.<br \/>\nPougarje je prostor najve\u0107im dijelom smje\u0161ten izme\u0111u najvi\u0161ih dijelova planine Ran\u010de na jugu, Vla\u0161i\u0107a na istoku i rijeke Ugar na sjeveru. <!-- .section-description --><!-- .section-title-wrapper --><br \/>\n<img decoding=\"async\" width=\"1170\" height=\"694\" src=\"https:\/\/zupadobretici.ba\/wp-content\/uploads\/2022\/06\/crkva-2-1170x694.jpg\" alt=\"\" loading=\"lazy\" srcset=\"https:\/\/zupadobretici.ba\/wp-content\/uploads\/2022\/06\/crkva-2-1170x694.jpg 1170w, https:\/\/zupadobretici.ba\/wp-content\/uploads\/2022\/06\/crkva-2-768x456.jpg 768w\" sizes=\"auto, (max-width: 1170px) 100vw, 1170px\"><br \/>\n<img decoding=\"async\" width=\"1024\" height=\"694\" src=\"https:\/\/zupadobretici.ba\/wp-content\/uploads\/2022\/06\/stara-zupna-crkva-u-dobreticima-1024x694.jpg\" alt=\"\" loading=\"lazy\"><br \/>\nPOVIJEST<\/p>\n<h2>350 godina od prvog spomena&#8230;<\/h2>\n<p><!-- .title-wrap -->\u017dupa Dobreti\u0107i spominje se ve\u0107 1672. godine pod imenom Vrhovine. Nastala je odvajanjem od jaja\u010dke \u017eupe. Mati\u010dne knjige vodi od 1758. god. Od te godine sjedi\u0161te je \u017eupe u \u017dili\u0107ima, koje je 1850. preneseno na dana\u0161nje mjesto. Odatle potje\u010de poznati franjeva\u010dki pisac i biskup fra Marko Dobreti\u0107 (\u20201784).<br \/>\nU po\u010detku \u017eupa nije imala ni \u017eupne ku\u0107e ni crkve. \u017dupnik je stanovao u ku\u0107ama svojih \u017eupljana. Njih je 1672. god. bilo 670. Pod konac 17. stolje\u0107a dolazi do masovnog iseljavanja hrvatskoga pu\u010danstva iz Bosne, tako da je broj vjernika god. 1741. iznosio tek 763, ali se 1768. pove\u0107ao na 1.109.<!-- .section-description --><!-- .section-title-wrapper --><br \/>\nCRKVE<\/p>\n<h2>Gradnja novih objekata<\/h2>\n<p><!-- .title-wrap -->God. 1850. izgra\u0111en je novi \u017eupni stan, a 1860-62. i crkva. Jo\u0161 jedna crkvica izgra\u0111ena je 1874. u Kori\u0107anima, koja je 1877. postala \u017eupnom crkvom novo uspostavljene kori\u0107anske \u017eupe. Godine 1892. podignuta je nova crkva. Ona je slu\u017eila svojoj svrsi sve do novijeg vremena. Te\u0161ko je o\u0161te\u0107ena u potresu 1969. god. pa je uskoro potom i sru\u0161ena. God. 1971-73. izgra\u0111ena je sada\u0161nja crkva po projektu ing. fra Pija Nui\u0107a. Crkva ima jedno zvono.<!-- .section-description --><!-- .section-title-wrapper --><br \/>\n<img decoding=\"async\" width=\"768\" height=\"456\" src=\"https:\/\/zupadobretici.ba\/wp-content\/uploads\/2022\/06\/crkva-zima-2-768x456.jpg\" alt=\"\" loading=\"lazy\"><br \/>\n<img decoding=\"async\" width=\"770\" height=\"511\" src=\"https:\/\/zupadobretici.ba\/wp-content\/uploads\/2022\/06\/dobretici_2.jpg\" alt=\"\" loading=\"lazy\" srcset=\"https:\/\/zupadobretici.ba\/wp-content\/uploads\/2022\/06\/dobretici_2.jpg 770w, https:\/\/zupadobretici.ba\/wp-content\/uploads\/2022\/06\/dobretici_2-768x510.jpg 768w\" sizes=\"auto, (max-width: 770px) 100vw, 770px\"><\/p>\n<h2>Ostali sakralni objekti i umjetnost<\/h2>\n<p><!-- .title-wrap -->U crkvi se nalazi i nekoliko djela sakralne umjetnosti. Bron\u010dani kip Sv. Ante s djetetom Isusom (vis. 185 cm) izradio je kipar A. Star\u010devi\u0107 u prvoj polovici sedamdesetih godina. Postaje kri\u017enoga puta (ulje na platnu, 90&#215;75 cm) naslikao je slikar Slavko \u0160ohaj. Postaje su sve\u010dano blagoslovljene 9. o\u017eujka 1975. godine. U dvori\u0161tu se nalazi i bron\u010dano poprsje fra \u017deljka D\u017eaje, \u0161to ga je tih godina izradio kipar Stipe Ledi\u0107. U zadnjem ratu crkva je devastirana i o\u0161te\u0107ena a umjetni\u010dka djela oplja\u010dkana. Zalaganjem \u017eupnika crkva je obnovljena a umjetnine prona\u0111ene i uz odre\u0111enu nadoknadu ponovno vra\u0107ene u crkvu.<br \/>\nU \u017eupi postoji i jedna crkvica u Melini (oko 40 m2), te desetak kapelica, od kojih je barem polovica izgra\u0111ena u novije vrijeme &#8211; osamdesetih godina. U nedavnom ratu sve su lak\u0161e ili te\u017ee o\u0161te\u0107ene. Nakon rata postupno su obnavljane i dovo\u0111ene u prijeratno stanje.<!-- .section-description --><!-- .section-title-wrapper --><\/p>\n<p>God. 1983-88. podignuta je sada\u0161nja \u017eupna ku\u0107a po projektu A. D\u017eebe. Prethodna ku\u0107a, izgra\u0111ena je 1961. godine. U nedavnom ratu stara \u017eupna ku\u0107a je zapaljena kao i sve gospodarske zgrade. Nova \u017eupna ku\u0107a je potpuno oplja\u010dkana i jako o\u0161te\u0107ena. God. 1997. jedan dio ku\u0107e osposobljen je za stanovanje i u njemu se nastanjuje \u017eupnik.<\/p>\n<p>\u017dupa Dobreti\u0107i imala je 1813. god. 1.409 vjernika, 1877. god. 1.632, te 1935. god. 2.554. Ona 1991. broji 4.895 vjernika (1974:4.530). \u017dupljani u prili\u010dnom broju iseljavaju i to isklju\u010divo iz gospodarskih razloga. Proces iseljavanja ubrzao je zadnji rat tako da \u017eupa po zadnjoj statistici na koncu 2016. godine broji samo 233 vjernika u 105 doma\u0107instava.<\/p>","protected":false},"excerpt":{"rendered":"<p>O nama GEOGRAFIJA Geografski polo\u017eaj \u017eupe Mi smo mala \u017eupa u Vrhbosanskoj nadbiskupiji koja se prostire na planini Ran\u010de, dvadesetak kilometara od Jajca, a cijelo podru\u010dje \u017eupe i njene op\u0107ine Dobreti\u0107i je kod lokalnog stanovni\u0161tva poznato pod imenom Pougarje, nazvano po rijeci Ugar, koja izvire na planini Vla\u0161i\u0107. Pougarje je 1961 godine bilo u sastavu<\/p>","protected":false},"author":2448,"featured_media":0,"parent":0,"menu_order":0,"comment_status":"closed","ping_status":"closed","template":"elementor_header_footer","meta":{"footnotes":""},"class_list":["post-5544","page","type-page","status-publish","hentry"],"yoast_head":"<!-- This site is optimized with the Yoast SEO plugin v25.9 - https:\/\/yoast.com\/wordpress\/plugins\/seo\/ -->\n<title>O nama - Zupa Dobretici<\/title>\n<meta name=\"robots\" content=\"index, follow, max-snippet:-1, max-image-preview:large, max-video-preview:-1\" \/>\n<link rel=\"canonical\" href=\"https:\/\/zupadobretici.ba\/en\/onama\/\" \/>\n<meta property=\"og:locale\" content=\"en_US\" \/>\n<meta property=\"og:type\" content=\"article\" \/>\n<meta property=\"og:title\" content=\"O nama - Zupa Dobretici\" \/>\n<meta property=\"og:description\" content=\"O nama GEOGRAFIJA Geografski polo\u017eaj \u017eupe Mi smo mala \u017eupa u Vrhbosanskoj nadbiskupiji koja se prostire na planini Ran\u010de, dvadesetak kilometara od Jajca, a cijelo podru\u010dje \u017eupe i njene op\u0107ine Dobreti\u0107i je kod lokalnog stanovni\u0161tva poznato pod imenom Pougarje, nazvano po rijeci Ugar, koja izvire na planini Vla\u0161i\u0107. Pougarje je 1961 godine bilo u sastavu\" \/>\n<meta property=\"og:url\" content=\"https:\/\/zupadobretici.ba\/en\/onama\/\" \/>\n<meta property=\"og:site_name\" content=\"Zupa Dobretici\" \/>\n<meta property=\"article:publisher\" content=\"https:\/\/www.facebook.com\/zupadobretici\/\" \/>\n<meta property=\"article:modified_time\" content=\"2022-06-25T21:28:44+00:00\" \/>\n<meta property=\"og:image\" content=\"https:\/\/zupadobretici.ba\/wp-content\/uploads\/2022\/06\/crkva-2-1170x694.jpg\" \/>\n<meta name=\"twitter:card\" content=\"summary_large_image\" \/>\n<meta name=\"twitter:label1\" content=\"Est. reading time\" \/>\n\t<meta name=\"twitter:data1\" content=\"3 minutes\" \/>\n<script type=\"application\/ld+json\" class=\"yoast-schema-graph\">{\"@context\":\"https:\/\/schema.org\",\"@graph\":[{\"@type\":\"WebPage\",\"@id\":\"https:\/\/zupadobretici.ba\/onama\/\",\"url\":\"https:\/\/zupadobretici.ba\/onama\/\",\"name\":\"O nama - Zupa Dobretici\",\"isPartOf\":{\"@id\":\"https:\/\/zupadobretici.ba\/#website\"},\"primaryImageOfPage\":{\"@id\":\"https:\/\/zupadobretici.ba\/onama\/#primaryimage\"},\"image\":{\"@id\":\"https:\/\/zupadobretici.ba\/onama\/#primaryimage\"},\"thumbnailUrl\":\"https:\/\/zupadobretici.ba\/wp-content\/uploads\/2022\/06\/crkva-2-1170x694.jpg\",\"datePublished\":\"2019-10-31T09:48:07+00:00\",\"dateModified\":\"2022-06-25T21:28:44+00:00\",\"breadcrumb\":{\"@id\":\"https:\/\/zupadobretici.ba\/onama\/#breadcrumb\"},\"inLanguage\":\"en-US\",\"potentialAction\":[{\"@type\":\"ReadAction\",\"target\":[\"https:\/\/zupadobretici.ba\/onama\/\"]}]},{\"@type\":\"ImageObject\",\"inLanguage\":\"en-US\",\"@id\":\"https:\/\/zupadobretici.ba\/onama\/#primaryimage\",\"url\":\"https:\/\/zupadobretici.ba\/wp-content\/uploads\/2022\/06\/crkva-2-1170x694.jpg\",\"contentUrl\":\"https:\/\/zupadobretici.ba\/wp-content\/uploads\/2022\/06\/crkva-2-1170x694.jpg\"},{\"@type\":\"BreadcrumbList\",\"@id\":\"https:\/\/zupadobretici.ba\/onama\/#breadcrumb\",\"itemListElement\":[{\"@type\":\"ListItem\",\"position\":1,\"name\":\"Po\u010detna stranica\",\"item\":\"https:\/\/zupadobretici.ba\/\"},{\"@type\":\"ListItem\",\"position\":2,\"name\":\"O nama\"}]},{\"@type\":\"WebSite\",\"@id\":\"https:\/\/zupadobretici.ba\/#website\",\"url\":\"https:\/\/zupadobretici.ba\/\",\"name\":\"Zupa Dobretici\",\"description\":\"\",\"publisher\":{\"@id\":\"https:\/\/zupadobretici.ba\/#organization\"},\"potentialAction\":[{\"@type\":\"SearchAction\",\"target\":{\"@type\":\"EntryPoint\",\"urlTemplate\":\"https:\/\/zupadobretici.ba\/?s={search_term_string}\"},\"query-input\":{\"@type\":\"PropertyValueSpecification\",\"valueRequired\":true,\"valueName\":\"search_term_string\"}}],\"inLanguage\":\"en-US\"},{\"@type\":\"Organization\",\"@id\":\"https:\/\/zupadobretici.ba\/#organization\",\"name\":\"Zupa Dobretici\",\"url\":\"https:\/\/zupadobretici.ba\/\",\"logo\":{\"@type\":\"ImageObject\",\"inLanguage\":\"en-US\",\"@id\":\"https:\/\/zupadobretici.ba\/#\/schema\/logo\/image\/\",\"url\":\"https:\/\/zupadobretici.ba\/wp-content\/uploads\/2022\/05\/textCrni.svg\",\"contentUrl\":\"https:\/\/zupadobretici.ba\/wp-content\/uploads\/2022\/05\/textCrni.svg\",\"width\":155,\"height\":51,\"caption\":\"Zupa Dobretici\"},\"image\":{\"@id\":\"https:\/\/zupadobretici.ba\/#\/schema\/logo\/image\/\"},\"sameAs\":[\"https:\/\/www.facebook.com\/zupadobretici\/\"]}]}<\/script>\n<!-- \/ Yoast SEO plugin. -->","yoast_head_json":{"title":"O nama - Zupa Dobretici","robots":{"index":"index","follow":"follow","max-snippet":"max-snippet:-1","max-image-preview":"max-image-preview:large","max-video-preview":"max-video-preview:-1"},"canonical":"https:\/\/zupadobretici.ba\/en\/onama\/","og_locale":"en_US","og_type":"article","og_title":"O nama - Zupa Dobretici","og_description":"O nama GEOGRAFIJA Geografski polo\u017eaj \u017eupe Mi smo mala \u017eupa u Vrhbosanskoj nadbiskupiji koja se prostire na planini Ran\u010de, dvadesetak kilometara od Jajca, a cijelo podru\u010dje \u017eupe i njene op\u0107ine Dobreti\u0107i je kod lokalnog stanovni\u0161tva poznato pod imenom Pougarje, nazvano po rijeci Ugar, koja izvire na planini Vla\u0161i\u0107. Pougarje je 1961 godine bilo u sastavu","og_url":"https:\/\/zupadobretici.ba\/en\/onama\/","og_site_name":"Zupa Dobretici","article_publisher":"https:\/\/www.facebook.com\/zupadobretici\/","article_modified_time":"2022-06-25T21:28:44+00:00","og_image":[{"url":"https:\/\/zupadobretici.ba\/wp-content\/uploads\/2022\/06\/crkva-2-1170x694.jpg","type":"","width":"","height":""}],"twitter_card":"summary_large_image","twitter_misc":{"Est. reading time":"3 minutes"},"schema":{"@context":"https:\/\/schema.org","@graph":[{"@type":"WebPage","@id":"https:\/\/zupadobretici.ba\/onama\/","url":"https:\/\/zupadobretici.ba\/onama\/","name":"O nama - Zupa Dobretici","isPartOf":{"@id":"https:\/\/zupadobretici.ba\/#website"},"primaryImageOfPage":{"@id":"https:\/\/zupadobretici.ba\/onama\/#primaryimage"},"image":{"@id":"https:\/\/zupadobretici.ba\/onama\/#primaryimage"},"thumbnailUrl":"https:\/\/zupadobretici.ba\/wp-content\/uploads\/2022\/06\/crkva-2-1170x694.jpg","datePublished":"2019-10-31T09:48:07+00:00","dateModified":"2022-06-25T21:28:44+00:00","breadcrumb":{"@id":"https:\/\/zupadobretici.ba\/onama\/#breadcrumb"},"inLanguage":"en-US","potentialAction":[{"@type":"ReadAction","target":["https:\/\/zupadobretici.ba\/onama\/"]}]},{"@type":"ImageObject","inLanguage":"en-US","@id":"https:\/\/zupadobretici.ba\/onama\/#primaryimage","url":"https:\/\/zupadobretici.ba\/wp-content\/uploads\/2022\/06\/crkva-2-1170x694.jpg","contentUrl":"https:\/\/zupadobretici.ba\/wp-content\/uploads\/2022\/06\/crkva-2-1170x694.jpg"},{"@type":"BreadcrumbList","@id":"https:\/\/zupadobretici.ba\/onama\/#breadcrumb","itemListElement":[{"@type":"ListItem","position":1,"name":"Po\u010detna stranica","item":"https:\/\/zupadobretici.ba\/"},{"@type":"ListItem","position":2,"name":"O nama"}]},{"@type":"WebSite","@id":"https:\/\/zupadobretici.ba\/#website","url":"https:\/\/zupadobretici.ba\/","name":"Zupa Dobretici","description":"","publisher":{"@id":"https:\/\/zupadobretici.ba\/#organization"},"potentialAction":[{"@type":"SearchAction","target":{"@type":"EntryPoint","urlTemplate":"https:\/\/zupadobretici.ba\/?s={search_term_string}"},"query-input":{"@type":"PropertyValueSpecification","valueRequired":true,"valueName":"search_term_string"}}],"inLanguage":"en-US"},{"@type":"Organization","@id":"https:\/\/zupadobretici.ba\/#organization","name":"Zupa Dobretici","url":"https:\/\/zupadobretici.ba\/","logo":{"@type":"ImageObject","inLanguage":"en-US","@id":"https:\/\/zupadobretici.ba\/#\/schema\/logo\/image\/","url":"https:\/\/zupadobretici.ba\/wp-content\/uploads\/2022\/05\/textCrni.svg","contentUrl":"https:\/\/zupadobretici.ba\/wp-content\/uploads\/2022\/05\/textCrni.svg","width":155,"height":51,"caption":"Zupa Dobretici"},"image":{"@id":"https:\/\/zupadobretici.ba\/#\/schema\/logo\/image\/"},"sameAs":["https:\/\/www.facebook.com\/zupadobretici\/"]}]}},"_links":{"self":[{"href":"https:\/\/zupadobretici.ba\/en\/wp-json\/wp\/v2\/pages\/5544","targetHints":{"allow":["GET"]}}],"collection":[{"href":"https:\/\/zupadobretici.ba\/en\/wp-json\/wp\/v2\/pages"}],"about":[{"href":"https:\/\/zupadobretici.ba\/en\/wp-json\/wp\/v2\/types\/page"}],"author":[{"embeddable":true,"href":"https:\/\/zupadobretici.ba\/en\/wp-json\/wp\/v2\/users\/2448"}],"replies":[{"embeddable":true,"href":"https:\/\/zupadobretici.ba\/en\/wp-json\/wp\/v2\/comments?post=5544"}],"version-history":[{"count":56,"href":"https:\/\/zupadobretici.ba\/en\/wp-json\/wp\/v2\/pages\/5544\/revisions"}],"predecessor-version":[{"id":19347,"href":"https:\/\/zupadobretici.ba\/en\/wp-json\/wp\/v2\/pages\/5544\/revisions\/19347"}],"wp:attachment":[{"href":"https:\/\/zupadobretici.ba\/en\/wp-json\/wp\/v2\/media?parent=5544"}],"curies":[{"name":"wp","href":"https:\/\/api.w.org\/{rel}","templated":true}]}}