{"id":5662,"date":"2019-11-02T08:04:26","date_gmt":"2019-11-02T08:04:26","guid":{"rendered":"https:\/\/elementor.zozothemes.com\/zegen\/ministries-copy\/"},"modified":"2022-09-26T18:32:35","modified_gmt":"2022-09-26T18:32:35","slug":"kontakt","status":"publish","type":"page","link":"https:\/\/zupadobretici.ba\/en\/kontakt\/","title":{"rendered":"Kontakt"},"content":{"rendered":"<h2>Kontakt<\/h2>\n<p><!-- .title-wrap --><!-- .section-description --><!-- .section-title-wrapper -->\t\t<\/p>\n<h5>Telefonski broj<\/h5>\n<p><a href=\"tel:+00 387 30 641 200\">+00 387 30 641 200<\/a><br \/>\n<br \/>\n<a href=\"tel:+387 63 577 234\">+387 63 577 234<\/a><\/p>\n<h5>Lokacija<\/h5>\n<p>Dobreti\u0107i bb, 70210, BiH<\/p>\n<h5>Email<\/h5>\n<p><a href=\"mailto:zupadobretici93@gmail.com\">zupadobretici93@gmail.com<\/a><\/p>\n<p>\t\t\tDRU\u0160TVENE MRE\u017dE<\/p>\n<h2>Zapratite i na\u0161u facebook stranicu gdje tako\u0111er mo\u017eete prona\u0107i novosti, multimediju, doga\u0111aje, objave i sve ostalo vezano za na\u0161u \u017eupu.<\/h2>\n<p><!-- .title-wrap -->Pozivamo vas da nas pratite i na na\u0161oj slu\u017ebenoj facebook stranici gdje tako\u0111er mo\u017eete prona\u0107i obavjesti i ostale informacije vezane za \u017eupu koje bi vas mogle zanimati te kako biste bili u toku sa svim novim novostima.<!-- .section-description --><!-- .section-title-wrapper --><br \/>\n\t\t\t<iframe frameborder=\"0\" scrolling=\"no\" marginheight=\"0\" marginwidth=\"0\"\n\t\t\t\t\tsrc=\"https:\/\/maps.google.com\/maps?q=Dobreti%C4%87i&#038;t=m&#038;z=14&#038;output=embed&#038;iwloc=near\"\n\t\t\t\t\ttitle=\"Dobreti\u0107i\"\n\t\t\t\t\taria-label=\"Dobreti\u0107i\"\n\t\t\t><\/iframe><\/p>","protected":false},"excerpt":{"rendered":"<p>Kontakt Telefonski broj +00 387 30 641 200 +387 63 577 234 Lokacija Dobreti\u0107i bb, 70210, BiH Email zupadobretici93@gmail.com DRU\u0160TVENE MRE\u017dE Zapratite i na\u0161u facebook stranicu gdje tako\u0111er mo\u017eete prona\u0107i novosti, multimediju, doga\u0111aje, objave i sve ostalo vezano za na\u0161u \u017eupu. Pozivamo vas da nas pratite i na na\u0161oj slu\u017ebenoj facebook stranici gdje tako\u0111er mo\u017eete<\/p>","protected":false},"author":2448,"featured_media":0,"parent":0,"menu_order":0,"comment_status":"closed","ping_status":"closed","template":"elementor_header_footer","meta":{"footnotes":""},"class_list":["post-5662","page","type-page","status-publish","hentry"],"yoast_head":"<!-- This site is optimized with the Yoast SEO plugin v25.9 - https:\/\/yoast.com\/wordpress\/plugins\/seo\/ -->\n<title>Kontakt - Zupa Dobretici<\/title>\n<meta name=\"robots\" content=\"index, follow, max-snippet:-1, max-image-preview:large, max-video-preview:-1\" \/>\n<link rel=\"canonical\" href=\"https:\/\/zupadobretici.ba\/en\/kontakt\/\" \/>\n<meta property=\"og:locale\" content=\"en_US\" \/>\n<meta property=\"og:type\" content=\"article\" \/>\n<meta property=\"og:title\" content=\"Kontakt - Zupa Dobretici\" \/>\n<meta property=\"og:description\" content=\"Kontakt Telefonski broj +00 387 30 641 200 +387 63 577 234 Lokacija Dobreti\u0107i bb, 70210, BiH Email zupadobretici93@gmail.com DRU\u0160TVENE MRE\u017dE Zapratite i na\u0161u facebook stranicu gdje tako\u0111er mo\u017eete prona\u0107i novosti, multimediju, doga\u0111aje, objave i sve ostalo vezano za na\u0161u \u017eupu. Pozivamo vas da nas pratite i na na\u0161oj slu\u017ebenoj facebook stranici gdje tako\u0111er mo\u017eete\" \/>\n<meta property=\"og:url\" content=\"https:\/\/zupadobretici.ba\/en\/kontakt\/\" \/>\n<meta property=\"og:site_name\" content=\"Zupa Dobretici\" \/>\n<meta property=\"article:publisher\" content=\"https:\/\/www.facebook.com\/zupadobretici\/\" \/>\n<meta property=\"article:modified_time\" content=\"2022-09-26T18:32:35+00:00\" \/>\n<meta name=\"twitter:card\" content=\"summary_large_image\" \/>\n<script type=\"application\/ld+json\" class=\"yoast-schema-graph\">{\"@context\":\"https:\/\/schema.org\",\"@graph\":[{\"@type\":\"WebPage\",\"@id\":\"https:\/\/zupadobretici.ba\/kontakt\/\",\"url\":\"https:\/\/zupadobretici.ba\/kontakt\/\",\"name\":\"Kontakt - Zupa Dobretici\",\"isPartOf\":{\"@id\":\"https:\/\/zupadobretici.ba\/#website\"},\"datePublished\":\"2019-11-02T08:04:26+00:00\",\"dateModified\":\"2022-09-26T18:32:35+00:00\",\"breadcrumb\":{\"@id\":\"https:\/\/zupadobretici.ba\/kontakt\/#breadcrumb\"},\"inLanguage\":\"en-US\",\"potentialAction\":[{\"@type\":\"ReadAction\",\"target\":[\"https:\/\/zupadobretici.ba\/kontakt\/\"]}]},{\"@type\":\"BreadcrumbList\",\"@id\":\"https:\/\/zupadobretici.ba\/kontakt\/#breadcrumb\",\"itemListElement\":[{\"@type\":\"ListItem\",\"position\":1,\"name\":\"Po\u010detna stranica\",\"item\":\"https:\/\/zupadobretici.ba\/\"},{\"@type\":\"ListItem\",\"position\":2,\"name\":\"Kontakt\"}]},{\"@type\":\"WebSite\",\"@id\":\"https:\/\/zupadobretici.ba\/#website\",\"url\":\"https:\/\/zupadobretici.ba\/\",\"name\":\"Zupa Dobretici\",\"description\":\"\",\"publisher\":{\"@id\":\"https:\/\/zupadobretici.ba\/#organization\"},\"potentialAction\":[{\"@type\":\"SearchAction\",\"target\":{\"@type\":\"EntryPoint\",\"urlTemplate\":\"https:\/\/zupadobretici.ba\/?s={search_term_string}\"},\"query-input\":{\"@type\":\"PropertyValueSpecification\",\"valueRequired\":true,\"valueName\":\"search_term_string\"}}],\"inLanguage\":\"en-US\"},{\"@type\":\"Organization\",\"@id\":\"https:\/\/zupadobretici.ba\/#organization\",\"name\":\"Zupa Dobretici\",\"url\":\"https:\/\/zupadobretici.ba\/\",\"logo\":{\"@type\":\"ImageObject\",\"inLanguage\":\"en-US\",\"@id\":\"https:\/\/zupadobretici.ba\/#\/schema\/logo\/image\/\",\"url\":\"https:\/\/zupadobretici.ba\/wp-content\/uploads\/2022\/05\/textCrni.svg\",\"contentUrl\":\"https:\/\/zupadobretici.ba\/wp-content\/uploads\/2022\/05\/textCrni.svg\",\"width\":155,\"height\":51,\"caption\":\"Zupa Dobretici\"},\"image\":{\"@id\":\"https:\/\/zupadobretici.ba\/#\/schema\/logo\/image\/\"},\"sameAs\":[\"https:\/\/www.facebook.com\/zupadobretici\/\"]}]}<\/script>\n<!-- \/ Yoast SEO plugin. -->","yoast_head_json":{"title":"Kontakt - Zupa Dobretici","robots":{"index":"index","follow":"follow","max-snippet":"max-snippet:-1","max-image-preview":"max-image-preview:large","max-video-preview":"max-video-preview:-1"},"canonical":"https:\/\/zupadobretici.ba\/en\/kontakt\/","og_locale":"en_US","og_type":"article","og_title":"Kontakt - Zupa Dobretici","og_description":"Kontakt Telefonski broj +00 387 30 641 200 +387 63 577 234 Lokacija Dobreti\u0107i bb, 70210, BiH Email zupadobretici93@gmail.com DRU\u0160TVENE MRE\u017dE Zapratite i na\u0161u facebook stranicu gdje tako\u0111er mo\u017eete prona\u0107i novosti, multimediju, doga\u0111aje, objave i sve ostalo vezano za na\u0161u \u017eupu. Pozivamo vas da nas pratite i na na\u0161oj slu\u017ebenoj facebook stranici gdje tako\u0111er mo\u017eete","og_url":"https:\/\/zupadobretici.ba\/en\/kontakt\/","og_site_name":"Zupa Dobretici","article_publisher":"https:\/\/www.facebook.com\/zupadobretici\/","article_modified_time":"2022-09-26T18:32:35+00:00","twitter_card":"summary_large_image","schema":{"@context":"https:\/\/schema.org","@graph":[{"@type":"WebPage","@id":"https:\/\/zupadobretici.ba\/kontakt\/","url":"https:\/\/zupadobretici.ba\/kontakt\/","name":"Kontakt - Zupa Dobretici","isPartOf":{"@id":"https:\/\/zupadobretici.ba\/#website"},"datePublished":"2019-11-02T08:04:26+00:00","dateModified":"2022-09-26T18:32:35+00:00","breadcrumb":{"@id":"https:\/\/zupadobretici.ba\/kontakt\/#breadcrumb"},"inLanguage":"en-US","potentialAction":[{"@type":"ReadAction","target":["https:\/\/zupadobretici.ba\/kontakt\/"]}]},{"@type":"BreadcrumbList","@id":"https:\/\/zupadobretici.ba\/kontakt\/#breadcrumb","itemListElement":[{"@type":"ListItem","position":1,"name":"Po\u010detna stranica","item":"https:\/\/zupadobretici.ba\/"},{"@type":"ListItem","position":2,"name":"Kontakt"}]},{"@type":"WebSite","@id":"https:\/\/zupadobretici.ba\/#website","url":"https:\/\/zupadobretici.ba\/","name":"Zupa Dobretici","description":"","publisher":{"@id":"https:\/\/zupadobretici.ba\/#organization"},"potentialAction":[{"@type":"SearchAction","target":{"@type":"EntryPoint","urlTemplate":"https:\/\/zupadobretici.ba\/?s={search_term_string}"},"query-input":{"@type":"PropertyValueSpecification","valueRequired":true,"valueName":"search_term_string"}}],"inLanguage":"en-US"},{"@type":"Organization","@id":"https:\/\/zupadobretici.ba\/#organization","name":"Zupa Dobretici","url":"https:\/\/zupadobretici.ba\/","logo":{"@type":"ImageObject","inLanguage":"en-US","@id":"https:\/\/zupadobretici.ba\/#\/schema\/logo\/image\/","url":"https:\/\/zupadobretici.ba\/wp-content\/uploads\/2022\/05\/textCrni.svg","contentUrl":"https:\/\/zupadobretici.ba\/wp-content\/uploads\/2022\/05\/textCrni.svg","width":155,"height":51,"caption":"Zupa Dobretici"},"image":{"@id":"https:\/\/zupadobretici.ba\/#\/schema\/logo\/image\/"},"sameAs":["https:\/\/www.facebook.com\/zupadobretici\/"]}]}},"_links":{"self":[{"href":"https:\/\/zupadobretici.ba\/en\/wp-json\/wp\/v2\/pages\/5662","targetHints":{"allow":["GET"]}}],"collection":[{"href":"https:\/\/zupadobretici.ba\/en\/wp-json\/wp\/v2\/pages"}],"about":[{"href":"https:\/\/zupadobretici.ba\/en\/wp-json\/wp\/v2\/types\/page"}],"author":[{"embeddable":true,"href":"https:\/\/zupadobretici.ba\/en\/wp-json\/wp\/v2\/users\/2448"}],"replies":[{"embeddable":true,"href":"https:\/\/zupadobretici.ba\/en\/wp-json\/wp\/v2\/comments?post=5662"}],"version-history":[{"count":35,"href":"https:\/\/zupadobretici.ba\/en\/wp-json\/wp\/v2\/pages\/5662\/revisions"}],"predecessor-version":[{"id":20054,"href":"https:\/\/zupadobretici.ba\/en\/wp-json\/wp\/v2\/pages\/5662\/revisions\/20054"}],"wp:attachment":[{"href":"https:\/\/zupadobretici.ba\/en\/wp-json\/wp\/v2\/media?parent=5662"}],"curies":[{"name":"wp","href":"https:\/\/api.w.org\/{rel}","templated":true}]}}